{"id":23297,"date":"2018-05-03T14:20:40","date_gmt":"2018-05-03T11:20:40","guid":{"rendered":"https:\/\/livrare-flori.md\/?page_id=23297"},"modified":"2024-06-25T11:17:37","modified_gmt":"2024-06-25T08:17:37","slug":"reguli-si-intrebari","status":"publish","type":"page","link":"https:\/\/livrare-flori.md\/ro\/reguli-si-intrebari\/","title":{"rendered":"Reguli \u0219i \u00eentreb\u0103ri"},"content":{"rendered":"<div class=\"wpb-content-wrapper\"><p>[vc_row anchor=&#8221;magnificence&#8221;][vc_column width=&#8221;1\/12&#8243; offset=&#8221;vc_hidden-md vc_hidden-sm vc_hidden-xs&#8221;][\/vc_column][vc_column offset=&#8221;vc_col-lg-11 vc_col-md-12 vc_col-xs-12&#8243;]<div class=\"mkdf-section-title-holder   mkdf-st-subtitle-pos-under\" >\n\t<div class=\"mkdf-st-inner\">\n\t\t\t\t\t\t\t<h3 class=\"mkdf-st-title\" >\n\t\t\t\t<span class=\"mkdf-st-title-highlight\">01.<\/span> Cum func\u021bioneaz\u0103 livrarea\t\t\t<\/h3>\n\t\t        \t\t\t\t\t<p class=\"mkdf-st-text\" style=\"margin-top: 22px\">\n\t\t\t\tCostul serviciului de livrare a comenzii este afi\u0219at pe pagina de finalizare a comenzii.<br \/>\nF\u0103r\u0103 un apel de la operator, comanda NU va fi procesat\u0103 \u0219i acceptat\u0103!\t\t\t<\/p>\n\t\t\t<\/div>\n<\/div>[vc_empty_space height=&#8221;55px&#8221;][\/vc_column][\/vc_row][vc_row anchor=&#8221;beautiful&#8221;][vc_column width=&#8221;1\/12&#8243; offset=&#8221;vc_hidden-md vc_hidden-sm vc_hidden-xs&#8221;][\/vc_column][vc_column offset=&#8221;vc_col-lg-11 vc_col-md-12 vc_col-xs-12&#8243;]<div class=\"mkdf-section-title-holder   mkdf-st-subtitle-pos-under\" >\n\t<div class=\"mkdf-st-inner\">\n\t\t\t\t\t\t\t<h3 class=\"mkdf-st-title\" >\n\t\t\t\t<span class=\"mkdf-st-title-highlight\">02.<\/span> Servicii de curierat si livrare flori\t\t\t<\/h3>\n\t\t        \t\t\t\t\t<p class=\"mkdf-st-text\" style=\"margin-top: 22px\">\n\t\t\t\tLivrarea prin curier este un serviciu care v\u0103 permite s\u0103 livra\u021bi rapid un colet important, fie c\u0103 este vorba de documente, cadouri, obiecte de valoare sau sparte, un buchet de flori etc.\t\t\t<\/p>\n\t\t\t<\/div>\n<\/div>[vc_empty_space height=&#8221;55px&#8221;][\/vc_column][\/vc_row]<\/p>\n<\/div>","protected":false},"excerpt":{"rendered":"<p>[vc_row anchor=&#8221;magnificence&#8221;][vc_column width=&#8221;1\/12&#8243; offset=&#8221;vc_hidden-md vc_hidden-sm vc_hidden-xs&#8221;][\/vc_column][vc_column offset=&#8221;vc_col-lg-11 vc_col-md-12 vc_col-xs-12&#8243;][vc_empty_space height=&#8221;55px&#8221;][\/vc_column][\/vc_row][vc_row anchor=&#8221;beautiful&#8221;][vc_column width=&#8221;1\/12&#8243; offset=&#8221;vc_hidden-md vc_hidden-sm vc_hidden-xs&#8221;][\/vc_column][vc_column offset=&#8221;vc_col-lg-11 vc_col-md-12 vc_col-xs-12&#8243;][vc_empty_space height=&#8221;55px&#8221;][\/vc_column][\/vc_row]<\/p>\n","protected":false},"author":1,"featured_media":0,"parent":0,"menu_order":0,"comment_status":"closed","ping_status":"closed","template":"","meta":{"footnotes":""},"class_list":["post-23297","page","type-page","status-publish","hentry"],"aioseo_notices":[],"_links":{"self":[{"href":"https:\/\/livrare-flori.md\/ro\/wp-json\/wp\/v2\/pages\/23297","targetHints":{"allow":["GET"]}}],"collection":[{"href":"https:\/\/livrare-flori.md\/ro\/wp-json\/wp\/v2\/pages"}],"about":[{"href":"https:\/\/livrare-flori.md\/ro\/wp-json\/wp\/v2\/types\/page"}],"author":[{"embeddable":true,"href":"https:\/\/livrare-flori.md\/ro\/wp-json\/wp\/v2\/users\/1"}],"replies":[{"embeddable":true,"href":"https:\/\/livrare-flori.md\/ro\/wp-json\/wp\/v2\/comments?post=23297"}],"version-history":[{"count":0,"href":"https:\/\/livrare-flori.md\/ro\/wp-json\/wp\/v2\/pages\/23297\/revisions"}],"wp:attachment":[{"href":"https:\/\/livrare-flori.md\/ro\/wp-json\/wp\/v2\/media?parent=23297"}],"curies":[{"name":"wp","href":"https:\/\/api.w.org\/{rel}","templated":true}]}}